{"id":726,"date":"2022-06-27T14:56:18","date_gmt":"2022-06-27T14:56:18","guid":{"rendered":"https:\/\/startersites.io\/elementor\/tasty\/?page_id=726"},"modified":"2026-04-09T10:27:12","modified_gmt":"2026-04-09T13:27:12","slug":"about","status":"publish","type":"page","link":"https:\/\/alisonpezzott.com.br\/en\/about\/","title":{"rendered":"About"},"content":{"rendered":"\n<p><\/p>\n\n\n\n<div class=\"wp-block-group is-vertical is-layout-flex wp-container-core-group-is-layout-fe9cc265 wp-block-group-is-layout-flex\">\n<div class=\"wp-block-group is-nowrap is-layout-flex wp-container-core-group-is-layout-6c531013 wp-block-group-is-layout-flex\">\n<div class=\"wp-block-group is-vertical is-layout-flex wp-container-core-group-is-layout-fe9cc265 wp-block-group-is-layout-flex\">\n<div class=\"wp-block-group is-layout-constrained wp-block-group-is-layout-constrained\">\n<div class=\"wp-block-group is-layout-constrained wp-block-group-is-layout-constrained\">\n<div class=\"wp-block-group is-vertical is-layout-flex wp-container-core-group-is-layout-fe9cc265 wp-block-group-is-layout-flex\">\n<h2 class=\"wp-block-heading\">Simplicidade, profundidade e <br>did\u00e1tica<\/h2>\n\n\n\n<p>Alison Pezzott \u00e9 Microsoft MVP na categoria Data Platform, reconhecido por suas contribui\u00e7\u00f5es relevantes \u00e0 comunidade de Microsoft Fabric e Power BI. Especialista em engenharia de dados, analytics e visualiza\u00e7\u00e3o, \u00e9 conhecido por transformar temas complexos em conte\u00fados pr\u00e1ticos, profundos e did\u00e1ticos, ajudando profissionais a evolu\u00edrem com clareza e consist\u00eancia.<\/p>\n\n\n\n<p>Tamb\u00e9m se destaca pela aplica\u00e7\u00e3o de pr\u00e1ticas modernas de DevOps e CI\/CD no ecossistema Microsoft, projetando pipelines automatizados para implanta\u00e7\u00e3o de recursos do Fabric e artefatos do Power BI com governan\u00e7a e escalabilidade. Apaixonado por compartilhar conhecimento, Alison atua ativamente na comunidade com o objetivo de fomentar inova\u00e7\u00e3o, colabora\u00e7\u00e3o e se consolidar como refer\u00eancia t\u00e9cnica na plataforma Microsoft.<\/p>\n\n\n\n<div style=\"height:59px\" aria-hidden=\"true\" class=\"wp-block-spacer wp-container-content-bffaa520\"><\/div>\n<\/div>\n<\/div>\n<\/div>\n<\/div>\n\n\n\n<div class=\"wp-block-group is-vertical is-layout-flex wp-container-core-group-is-layout-fe9cc265 wp-block-group-is-layout-flex\">\n<figure class=\"wp-block-image size-large is-style-rounded\"><img fetchpriority=\"high\" decoding=\"async\" width=\"1024\" height=\"1024\" src=\"https:\/\/alisonpezzott.com.br\/wp-content\/uploads\/2026\/04\/linkedin_focus-1024x1024.png\" alt=\"\" class=\"wp-image-1938\" srcset=\"https:\/\/alisonpezzott.com.br\/wp-content\/uploads\/2026\/04\/linkedin_focus-1024x1024.png 1024w, https:\/\/alisonpezzott.com.br\/wp-content\/uploads\/2026\/04\/linkedin_focus-300x300.png 300w, https:\/\/alisonpezzott.com.br\/wp-content\/uploads\/2026\/04\/linkedin_focus-150x150.png 150w, https:\/\/alisonpezzott.com.br\/wp-content\/uploads\/2026\/04\/linkedin_focus-768x769.png 768w, https:\/\/alisonpezzott.com.br\/wp-content\/uploads\/2026\/04\/linkedin_focus-1534x1536.png 1534w, https:\/\/alisonpezzott.com.br\/wp-content\/uploads\/2026\/04\/linkedin_focus-12x12.png 12w, https:\/\/alisonpezzott.com.br\/wp-content\/uploads\/2026\/04\/linkedin_focus.png 1856w\" sizes=\"(max-width: 1024px) 100vw, 1024px\" \/><\/figure>\n\n\n\n<figure class=\"wp-block-image\"><a href=\"https:\/\/mvp.microsoft.com\/pt-BR\/MVP\/profile\/807db423-418d-4c8d-bb59-08732cdbbf34\"><img decoding=\"async\" src=\"https:\/\/alisonpezzott.com.br\/wp-content\/uploads\/2026\/01\/MVP_Badge_Horizontal_Preferred_Blue3005_RGB.png\" alt=\"\"\/><\/a><\/figure>\n<\/div>\n\n\n\n<p><\/p>\n<\/div>\n<\/div>\n\n\n\n<div class=\"wp-block-group is-nowrap is-layout-flex wp-container-core-group-is-layout-6c531013 wp-block-group-is-layout-flex\">\n<div class=\"wp-block-group is-layout-constrained wp-block-group-is-layout-constrained\">\n<div class=\"wp-block-group is-layout-constrained wp-block-group-is-layout-constrained\">\n<h2 class=\"wp-block-heading\">Visite o canal no YouTube<\/h2>\n\n\n\n<p>O canal estreou em 2024 e conta com mais de 12.000 inscritos.<\/p>\n\n\n\n<p>Nele voc\u00ea ir\u00e1 encontrar tutoriais completos, pr\u00e1ticos&nbsp; e gratuitos sobre Microsoft Fabric e Power BI.<\/p>\n<\/div>\n\n\n\n<div class=\"wp-block-buttons is-layout-flex wp-block-buttons-is-layout-flex\">\n<div class=\"wp-block-button\"><a class=\"wp-block-button__link wp-element-button\" href=\"http:\/\/youtube.com\/@alisonpezzott\">Inscreva-se<\/a><\/div>\n<\/div>\n<\/div>\n\n\n\n<figure class=\"wp-block-image aligncenter size-large\"><img decoding=\"async\" width=\"1024\" height=\"609\" src=\"https:\/\/alisonpezzott.com.br\/wp-content\/uploads\/2026\/01\/image-7-1-1024x609.png\" alt=\"\" class=\"wp-image-1897\" srcset=\"https:\/\/alisonpezzott.com.br\/wp-content\/uploads\/2026\/01\/image-7-1-1024x609.png 1024w, https:\/\/alisonpezzott.com.br\/wp-content\/uploads\/2026\/01\/image-7-1-300x178.png 300w, https:\/\/alisonpezzott.com.br\/wp-content\/uploads\/2026\/01\/image-7-1-768x457.png 768w, https:\/\/alisonpezzott.com.br\/wp-content\/uploads\/2026\/01\/image-7-1-18x12.png 18w, https:\/\/alisonpezzott.com.br\/wp-content\/uploads\/2026\/01\/image-7-1.png 1485w\" sizes=\"(max-width: 1024px) 100vw, 1024px\" \/><\/figure>\n<\/div>\n\n\n\n<div style=\"height:40px\" aria-hidden=\"true\" class=\"wp-block-spacer\"><\/div>\n\n\n\n<div class=\"wp-block-group is-nowrap is-layout-flex wp-container-core-group-is-layout-6c531013 wp-block-group-is-layout-flex\">\n<div class=\"wp-block-group is-nowrap is-layout-flex wp-container-core-group-is-layout-6c531013 wp-block-group-is-layout-flex\">\n<div class=\"wp-block-group is-layout-constrained wp-block-group-is-layout-constrained\">\n<div class=\"wp-block-group is-vertical is-layout-flex wp-container-core-group-is-layout-fe9cc265 wp-block-group-is-layout-flex\">\n<div class=\"wp-block-group is-layout-constrained wp-block-group-is-layout-constrained\">\n<h2 class=\"wp-block-heading\">Conecte-se<\/h2>\n\n\n\n<figure class=\"wp-block-image size-large has-custom-border\"><img decoding=\"async\" width=\"1024\" height=\"1024\" src=\"https:\/\/alisonpezzott.com.br\/wp-content\/uploads\/2026\/04\/ms-1024x1024.jpg\" alt=\"\" class=\"wp-image-1939\" style=\"border-style:none;border-width:0px;border-top-left-radius:4px;border-top-right-radius:4px;border-bottom-left-radius:4px;border-bottom-right-radius:4px;aspect-ratio:16\/9;object-fit:cover\" srcset=\"https:\/\/alisonpezzott.com.br\/wp-content\/uploads\/2026\/04\/ms-1024x1024.jpg 1024w, https:\/\/alisonpezzott.com.br\/wp-content\/uploads\/2026\/04\/ms-300x300.jpg 300w, https:\/\/alisonpezzott.com.br\/wp-content\/uploads\/2026\/04\/ms-150x150.jpg 150w, https:\/\/alisonpezzott.com.br\/wp-content\/uploads\/2026\/04\/ms-768x767.jpg 768w, https:\/\/alisonpezzott.com.br\/wp-content\/uploads\/2026\/04\/ms-1536x1536.jpg 1536w, https:\/\/alisonpezzott.com.br\/wp-content\/uploads\/2026\/04\/ms-2048x2046.jpg 2048w, https:\/\/alisonpezzott.com.br\/wp-content\/uploads\/2026\/04\/ms-12x12.jpg 12w\" sizes=\"(max-width: 1024px) 100vw, 1024px\" \/><\/figure>\n\n\n\n<p>Acredito que parcerias e rela\u00e7\u00f5es s\u00e3o essenciais para o crescimento e desenvolvimento pessoal e profissional de pessoas e empresas.&nbsp;<br>Se voc\u00ea se interessa por esta miss\u00e3o e valores e quiser conhecer um pouco mais do meu trabalho, ficarei feliz em conectar.<\/p>\n<\/div>\n\n\n\n<div class=\"wp-block-buttons is-content-justification-center is-layout-flex wp-container-core-buttons-is-layout-a89b3969 wp-block-buttons-is-layout-flex\">\n<div class=\"wp-block-button\"><a class=\"wp-block-button__link wp-element-button\" href=\"http:\/\/linkedin.com\/in\/alisonpezzott\">Linkedin<\/a><\/div>\n<\/div>\n<\/div>\n<\/div>\n<\/div>\n<\/div>\n\n\n\n<div style=\"height:48px\" aria-hidden=\"true\" class=\"wp-block-spacer\"><\/div>\n\n\n\n<div class=\"wp-block-group is-layout-constrained wp-block-group-is-layout-constrained\">\n<h2 class=\"wp-block-heading\">Consultoria especializada<\/h2>\n\n\n\n<div class=\"wp-block-group is-nowrap is-layout-flex wp-container-core-group-is-layout-6c531013 wp-block-group-is-layout-flex\">\n<figure class=\"wp-block-image size-medium is-resized\"><img loading=\"lazy\" decoding=\"async\" width=\"242\" height=\"300\" src=\"https:\/\/alisonpezzott.com.br\/wp-content\/uploads\/2026\/04\/Firefly_GeminiFlash_Altissima-resolucao-para-minha-foto-de-perfil-para-esta-empresa-em-que-sou-Head-de-En-190103-242x300.png\" alt=\"\" class=\"wp-image-1942\" style=\"aspect-ratio:0.8066565966977447;width:231px;height:auto\" srcset=\"https:\/\/alisonpezzott.com.br\/wp-content\/uploads\/2026\/04\/Firefly_GeminiFlash_Altissima-resolucao-para-minha-foto-de-perfil-para-esta-empresa-em-que-sou-Head-de-En-190103-242x300.png 242w, https:\/\/alisonpezzott.com.br\/wp-content\/uploads\/2026\/04\/Firefly_GeminiFlash_Altissima-resolucao-para-minha-foto-de-perfil-para-esta-empresa-em-que-sou-Head-de-En-190103-825x1024.png 825w, https:\/\/alisonpezzott.com.br\/wp-content\/uploads\/2026\/04\/Firefly_GeminiFlash_Altissima-resolucao-para-minha-foto-de-perfil-para-esta-empresa-em-que-sou-Head-de-En-190103-768x953.png 768w, https:\/\/alisonpezzott.com.br\/wp-content\/uploads\/2026\/04\/Firefly_GeminiFlash_Altissima-resolucao-para-minha-foto-de-perfil-para-esta-empresa-em-que-sou-Head-de-En-190103-1237x1536.png 1237w, https:\/\/alisonpezzott.com.br\/wp-content\/uploads\/2026\/04\/Firefly_GeminiFlash_Altissima-resolucao-para-minha-foto-de-perfil-para-esta-empresa-em-que-sou-Head-de-En-190103-1650x2048.png 1650w, https:\/\/alisonpezzott.com.br\/wp-content\/uploads\/2026\/04\/Firefly_GeminiFlash_Altissima-resolucao-para-minha-foto-de-perfil-para-esta-empresa-em-que-sou-Head-de-En-190103-10x12.png 10w, https:\/\/alisonpezzott.com.br\/wp-content\/uploads\/2026\/04\/Firefly_GeminiFlash_Altissima-resolucao-para-minha-foto-de-perfil-para-esta-empresa-em-que-sou-Head-de-En-190103.png 1856w\" sizes=\"(max-width: 242px) 100vw, 242px\" \/><\/figure>\n\n\n\n<div class=\"wp-block-group is-vertical is-layout-flex wp-container-core-group-is-layout-fe9cc265 wp-block-group-is-layout-flex\">\n<div class=\"wp-block-group is-layout-constrained wp-block-group-is-layout-constrained\">\n<p>Atuando como Head em Analytics &amp; BI na Power Tuning, possu\u00edmos produtos para sua empresa nas \u00e1reas de dados e IA al\u00e9m de contar com consultoria especializada em diversas modalidades.<\/p>\n\n\n\n<div class=\"wp-block-buttons is-horizontal is-layout-flex wp-block-buttons-is-layout-flex\">\n<div class=\"wp-block-button\"><a class=\"wp-block-button__link wp-element-button\" href=\"https:\/\/powertuning.com.br\/alison\">Agende seu hor\u00e1rio<\/a><\/div>\n<\/div>\n<\/div>\n<\/div>\n<\/div>\n<\/div>\n\n\n\n<p><\/p>\n\n\n\n<div style=\"height:30px\" aria-hidden=\"true\" class=\"wp-block-spacer\"><\/div>\n\n\n\n<h6 class=\"wp-block-heading\">Receba todas as atualiza\u00e7\u00f5es do blog<\/h6>\n\n\n<div class=\"wpforms-container wpforms-block wpforms-block-9961e330-950c-4003-abba-20afd053830d wpforms-render-modern\" id=\"wpforms-1640\"><form id=\"wpforms-form-1640\" class=\"wpforms-validate wpforms-form\" data-formid=\"1640\" method=\"post\" enctype=\"multipart\/form-data\" action=\"\/en\/wp-json\/wp\/v2\/pages\/726\" data-token=\"bee9b8f456e2bac95444dbca030c6bab\" data-token-time=\"1777574842\"><noscript class=\"wpforms-error-noscript\">Please enable JavaScript in your browser to complete this form.<\/noscript><div id=\"wpforms-error-noscript\" style=\"display: none;\">Please enable JavaScript in your browser to complete this form.<\/div><div class=\"wpforms-field-container\"><div id=\"wpforms-1640-field_2-container\" class=\"wpforms-field wpforms-field-text\" data-field-id=\"2\"><label class=\"wpforms-field-label wpforms-label-hide\" for=\"wpforms-1640-field_2\" aria-hidden=\"false\">Nome <span class=\"wpforms-required-label\" aria-hidden=\"true\">*<\/span><\/label><input type=\"text\" id=\"wpforms-1640-field_2\" class=\"wpforms-field-medium wpforms-field-required\" name=\"wpforms[fields][2]\" placeholder=\"Nome*\" aria-errormessage=\"wpforms-1640-field_2-error\" required><\/div><div id=\"wpforms-1640-field_1-container\" class=\"wpforms-field wpforms-field-email\" data-field-id=\"1\"><label class=\"wpforms-field-label wpforms-label-hide\" for=\"wpforms-1640-field_1\" aria-hidden=\"false\">Email <span class=\"wpforms-required-label\" aria-hidden=\"true\">*<\/span><\/label><input type=\"email\" id=\"wpforms-1640-field_1\" class=\"wpforms-field-medium wpforms-field-required\" name=\"wpforms[fields][1]\" placeholder=\"Qual seu melhor email?*\" spellcheck=\"false\" aria-errormessage=\"wpforms-1640-field_1-error\" required><\/div><\/div><!-- .wpforms-field-container --><div class=\"wpforms-submit-container\" ><input type=\"hidden\" name=\"wpforms[id]\" value=\"1640\"><input type=\"hidden\" name=\"page_title\" value=\"\"><input type=\"hidden\" name=\"page_url\" value=\"https:\/\/alisonpezzott.com.br\/en\/wp-json\/wp\/v2\/pages\/726\"><input type=\"hidden\" name=\"url_referer\" value=\"\"><button type=\"submit\" name=\"wpforms[submit]\" id=\"wpforms-submit-1640\" class=\"wpforms-submit\" data-alt-text=\"Assinando...\" data-submit-text=\"Assine\" aria-live=\"assertive\" value=\"wpforms-submit\">Assine<\/button><\/div><\/form><\/div>  <!-- .wpforms-container -->\n\n\n<p><\/p>\n","protected":false},"excerpt":{"rendered":"<p>Integer at faucibus urna. Nullam condimentum leo id elit sagittis auctor. Curabitur elementum nunc a leo imperdiet, nec elementum diam elementum. <\/p>","protected":false},"author":1,"featured_media":0,"parent":0,"menu_order":0,"comment_status":"closed","ping_status":"closed","template":"","meta":{"footnotes":""},"class_list":["post-726","page","type-page","status-publish","hentry"],"blocksy_meta":{"page_title_panel":"","has_hero_section":"default","4c3a8b97d08473a95169aadee21735a1":"","hero_section":"type-1","hero_elements":[{"id":"custom_title","enabled":true,"heading_tag":"h1","title":"Home"},{"id":"custom_description","enabled":true,"description_visibility":{"desktop":true,"tablet":true,"mobile":false}},{"id":"custom_meta","enabled":false,"meta_elements":[{"id":"author","enabled":true,"label":"By","has_author_avatar":"yes","avatar_size":25},{"id":"post_date","enabled":true,"label":"On","date_format_source":"default","date_format":"M j, Y"},{"id":"updated_date","enabled":false,"label":"On","date_format_source":"default","date_format":"M j, Y"},{"id":"categories","enabled":false,"label":"In","style":"simple"},{"id":"comments","enabled":true}],"page_meta_elements":{"joined":true,"articles_count":true,"comments":true}},{"id":"breadcrumbs","enabled":false}],"105c6c3310cea4c66ed20b55eeb7cc66":"","hero_alignment1":"CT_CSS_SKIP_RULE","hero_margin":40,"hero_alignment2":"center","hero_vertical_alignment":"center","06f83adabed992dcc503294a9f704078":"","hero_structure":"narrow","277346081f354e5fb9ad02749e35cc40":"","page_title_bg_type":"featured_image","custom_hero_background":{"attachment_id":null},"page_title_image_size":"full","parallax":{"desktop":false,"tablet":false,"mobile":false},"dbf84b3a718961941c93fed5935edc33":"","hero_height":"250px","pageTitleFont":{"family":"Default","variation":"Default","size":"30px","line-height":"CT_CSS_SKIP_RULE","letter-spacing":"CT_CSS_SKIP_RULE","text-transform":"CT_CSS_SKIP_RULE","text-decoration":"CT_CSS_SKIP_RULE"},"pageTitleFontColor":{"default":{"color":"CT_CSS_SKIP_RULEDEFAULT"}},"pageMetaFont":{"family":"Default","variation":"n6","size":"12px","line-height":"1.3","letter-spacing":"CT_CSS_SKIP_RULE","text-transform":"uppercase","text-decoration":"CT_CSS_SKIP_RULE"},"pageMetaFontColor":{"default":{"color":"CT_CSS_SKIP_RULEDEFAULT"},"hover":{"color":"CT_CSS_SKIP_RULEDEFAULT"}},"page_meta_button_type_font_colors":{"default":{"color":"CT_CSS_SKIP_RULEDEFAULT"},"hover":{"color":"CT_CSS_SKIP_RULEDEFAULT"}},"page_meta_button_type_background_colors":{"default":{"color":"CT_CSS_SKIP_RULEDEFAULT"},"hover":{"color":"CT_CSS_SKIP_RULEDEFAULT"}},"pageExcerptFont":{"family":"Default","variation":"Default","size":"CT_CSS_SKIP_RULE","line-height":"CT_CSS_SKIP_RULE","letter-spacing":"CT_CSS_SKIP_RULE","text-transform":"CT_CSS_SKIP_RULE","text-decoration":"CT_CSS_SKIP_RULE"},"pageExcerptColor":{"default":{"color":"CT_CSS_SKIP_RULEDEFAULT"}},"breadcrumbsFont":{"family":"Default","variation":"Default","size":"CT_CSS_SKIP_RULE","line-height":"CT_CSS_SKIP_RULE","letter-spacing":"CT_CSS_SKIP_RULE","text-transform":"CT_CSS_SKIP_RULE","text-decoration":"CT_CSS_SKIP_RULE"},"breadcrumbsFontColor":{"default":{"color":"CT_CSS_SKIP_RULEDEFAULT"},"initial":{"color":"CT_CSS_SKIP_RULEDEFAULT"},"hover":{"color":"CT_CSS_SKIP_RULEDEFAULT"}},"pageTitleOverlay":{"background_type":"color","background_pattern":"type-1","background_image":{"attachment_id":null,"x":0,"y":0},"gradient":"linear-gradient(135deg,rgba(6,147,227,1) 0%,rgb(155,81,224) 100%)","background_repeat":"repeat","background_size":"auto","background_attachment":"scroll","patternColor":{"default":{"color":"#e5e7ea"}},"overlayColor":{"default":{"color":"CT_CSS_SKIP_RULE"}},"backgroundColor":{"default":{"color":"CT_CSS_SKIP_RULE"}}},"pageTitleBackground":{"background_type":"color","background_pattern":"type-1","background_image":{"attachment_id":null,"x":0,"y":0},"gradient":"linear-gradient(135deg,rgba(6,147,227,1) 0%,rgb(155,81,224) 100%)","background_repeat":"repeat","background_size":"auto","background_attachment":"scroll","patternColor":{"default":{"color":"#e5e7ea"}},"overlayColor":{"default":{"color":"CT_CSS_SKIP_RULE"}},"backgroundColor":{"default":{"color":"var(--theme-palette-color-6)"}}},"pageTitlePadding":{"top":"50px","bottom":"50px","left":"auto","right":"auto","linked":true},"1770dd5e50bab6a8aad326fc5bcf50a1":"","page_structure_type":"default","a1cdc198ddf9ca3295628e3cc0c91d29":"","content_style_source":"inherit","content_style":"wide","vertical_spacing_source":"custom","content_area_spacing":"none","background":{"background_type":"color","background_pattern":"type-1","background_image":{"attachment_id":null,"x":0,"y":0},"gradient":"linear-gradient(135deg,rgba(6,147,227,1) 0%,rgb(155,81,224) 100%)","background_repeat":"repeat","background_size":"auto","background_attachment":"scroll","patternColor":{"default":{"color":"#e5e7ea"}},"overlayColor":{"default":{"color":"CT_CSS_SKIP_RULE"}},"backgroundColor":{"default":{"color":"CT_CSS_SKIP_RULE"}}},"content_background":{"background_type":"color","background_pattern":"type-1","background_image":{"attachment_id":null,"x":0,"y":0},"gradient":"linear-gradient(135deg,rgba(6,147,227,1) 0%,rgb(155,81,224) 100%)","background_repeat":"repeat","background_size":"auto","background_attachment":"scroll","patternColor":{"default":{"color":"#e5e7ea"}},"overlayColor":{"default":{"color":"CT_CSS_SKIP_RULE"}},"backgroundColor":{"default":{"color":"var(--theme-palette-color-8)"}}},"content_boxed_shadow":{"inherit":false,"blur":18,"spread":-6,"v_offset":12,"h_offset":0,"inset":false,"enable":true,"color":{"color":"rgba(34, 56, 101, 0.04)"}},"content_boxed_border":{"width":1,"style":"none","color":{"color":"rgba(44,62,80,0.2)"}},"content_boxed_radius":{"top":"3px","bottom":"3px","left":"3px","right":"3px","linked":true},"boxed_content_spacing":{"desktop":{"top":"40px","bottom":"40px","left":"40px","right":"40px","linked":true},"tablet":{"top":"35px","bottom":"35px","left":"35px","right":"35px","linked":true},"mobile":{"top":"20px","bottom":"20px","left":"20px","right":"20px","linked":true}},"425de3d825d4dd425df547c143bbed6a":"","disable_featured_image":"no","disable_share_box":"no","disable_header":"no","disable_footer":"no","styles_descriptor":{"styles":{"desktop":"","tablet":"","mobile":""},"google_fonts":[],"version":6}},"jetpack_sharing_enabled":true,"_links":{"self":[{"href":"https:\/\/alisonpezzott.com.br\/en\/wp-json\/wp\/v2\/pages\/726","targetHints":{"allow":["GET"]}}],"collection":[{"href":"https:\/\/alisonpezzott.com.br\/en\/wp-json\/wp\/v2\/pages"}],"about":[{"href":"https:\/\/alisonpezzott.com.br\/en\/wp-json\/wp\/v2\/types\/page"}],"author":[{"embeddable":true,"href":"https:\/\/alisonpezzott.com.br\/en\/wp-json\/wp\/v2\/users\/1"}],"replies":[{"embeddable":true,"href":"https:\/\/alisonpezzott.com.br\/en\/wp-json\/wp\/v2\/comments?post=726"}],"version-history":[{"count":38,"href":"https:\/\/alisonpezzott.com.br\/en\/wp-json\/wp\/v2\/pages\/726\/revisions"}],"predecessor-version":[{"id":1950,"href":"https:\/\/alisonpezzott.com.br\/en\/wp-json\/wp\/v2\/pages\/726\/revisions\/1950"}],"wp:attachment":[{"href":"https:\/\/alisonpezzott.com.br\/en\/wp-json\/wp\/v2\/media?parent=726"}],"curies":[{"name":"wp","href":"https:\/\/api.w.org\/{rel}","templated":true}]}}